{"id":2402,"date":"2024-06-20T14:58:26","date_gmt":"2024-06-20T12:58:26","guid":{"rendered":"https:\/\/www.bs-pferdezucht.com\/relaunch-2024\/?page_id=2402"},"modified":"2024-09-24T15:38:29","modified_gmt":"2024-09-24T13:38:29","slug":"fuerst-lady","status":"publish","type":"page","link":"https:\/\/www.bs-pferdezucht.com\/en\/horses-for-sale\/fuerst-lady\/","title":{"rendered":"F\u00fcrst Lady"},"content":{"rendered":"[vc_row full_width=&#8221;stretch_row&#8221; css=&#8221;.vc_custom_1718885296919{margin-bottom: 0px !important;background-color: #f9f9f9 !important;}&#8221;][vc_column css=&#8221;.vc_custom_1718885322084{margin-bottom: 0px !important;}&#8221;][vc_single_image image=&#8221;2406&#8243;][\/vc_column][\/vc_row][vc_row][vc_column css=&#8221;.vc_custom_1718878131016{margin-bottom: 10px !important;}&#8221;][vc_column_text el_class=&#8221;horse-detail&#8221;]\n<h1 style=\"text-align: center;\">F\u00dcRST LADY<\/h1>\n[\/vc_column_text][\/vc_column][\/vc_row][vc_row][vc_column css=&#8221;.vc_custom_1718878131016{margin-bottom: 10px !important;}&#8221;][vc_column_text el_class=&#8221;horse-detail&#8221;]<div class=\"templatera_shortcode\"><style type=\"text\/css\" data-type=\"vc_shortcodes-custom-css\">.vc_custom_1718878131016{margin-bottom: 10px !important;}.vc_custom_1719310279660{margin-bottom: 0px !important;}.vc_custom_1726670903150{padding-top: 20px !important;}.vc_custom_1718878131016{margin-bottom: 10px !important;}.vc_custom_1718879439868{margin-bottom: 0px !important;padding-top: 20px !important;}.vc_custom_1720183808186{padding-top: 10px !important;}<\/style><div class=\"vc_row wpb_row vc_row-fluid visible-desktop\"><div class=\"wpb_column vc_column_container vc_col-sm-12\"><div class=\"vc_column-inner vc_custom_1718878131016\"><div class=\"wpb_wrapper\"><div class=\"vc_row wpb_row vc_inner vc_row-fluid vc_custom_1719310279660\"><div class=\"wpb_column vc_column_container vc_col-sm-1\/5\"><div class=\"vc_column-inner\"><div class=\"wpb_wrapper\"><\/div><\/div><\/div><div class=\"wpb_column vc_column_container vc_col-sm-1\/5\"><div class=\"vc_column-inner\"><div class=\"wpb_wrapper\"><\/div><\/div><\/div><div class=\"wpb_column vc_column_container vc_col-sm-1\/5\"><div class=\"vc_column-inner\"><div class=\"wpb_wrapper\"><div class=\"vc_custom_1726670903150 wpex-clr\"><div class=\"theme-button-wrap textcenter theme-button-block-wrap wpex-block wpex-clear wpex-clr\"><a href=\"https:\/\/www.bs-pferdezucht.com\/en\/form-for-contact\/\" class=\"vcex-button theme-button small align-center block button-details wpex-lightbox\" style=\"background:#887751;color:#ffffff;font-weight:400;\" data-type=\"iframe\" data-width=\"800\" data-height=\"800\" data-wpex-hover='{&quot;background&quot;:&quot;#a38e60&quot;,&quot;color&quot;:&quot;#ffffff&quot;}'><span class=\"theme-button-inner\">Contact<span class=\"vcex-icon-wrap theme-button-icon-right\"><span class=\"ticon ticon-envelope-open-o\" aria-hidden=\"true\"><\/span><\/span><\/span><\/a><\/div><\/div> <\/div><\/div><\/div><div class=\"wpb_column vc_column_container vc_col-sm-1\/5\"><div class=\"vc_column-inner\"><div class=\"wpb_wrapper\"><\/div><\/div><\/div><div class=\"wpb_column vc_column_container vc_col-sm-1\/5\"><div class=\"vc_column-inner\"><div class=\"wpb_wrapper\"><\/div><\/div><\/div><\/div><\/div><\/div><\/div><\/div><div class=\"vc_row wpb_row vc_row-fluid hidden-desktop\"><div class=\"wpb_column vc_column_container vc_col-sm-12\"><div class=\"vc_column-inner vc_custom_1718878131016\"><div class=\"wpb_wrapper\"><div class=\"vc_row wpb_row vc_inner vc_row-fluid vc_custom_1718879439868\"><div class=\"wpb_column vc_column_container vc_col-sm-12\"><div class=\"vc_column-inner\"><div class=\"wpb_wrapper\"><div class=\"vc_custom_1720183808186 wpex-clr\"><div class=\"theme-button-wrap textcenter theme-button-block-wrap wpex-block wpex-clear wpex-clr\"><a href=\"https:\/\/www.bs-pferdezucht.com\/en\/form-for-contact\/\" class=\"vcex-button theme-button small align-center block wpex-lightbox\" style=\"background:#887751;color:#ffffff;font-weight:400;\" data-type=\"iframe\" data-width=\"800\" data-height=\"800\" data-wpex-hover='{&quot;background&quot;:&quot;#a38e60&quot;,&quot;color&quot;:&quot;#ffffff&quot;}'><span class=\"theme-button-inner\">Contact<span class=\"vcex-icon-wrap theme-button-icon-right\"><span class=\"ticon ticon-envelope-open-o\" aria-hidden=\"true\"><\/span><\/span><\/span><\/a><\/div><\/div> <\/div><\/div><\/div><\/div><\/div><\/div><\/div><\/div><div class=\"vc_row wpb_row vc_row-fluid\"><div class=\"wpb_column vc_column_container vc_col-sm-12\"><div class=\"vc_column-inner\"><div class=\"wpb_wrapper\"><div class=\"vc_empty_space\"   style=\"height: 32px\"><span class=\"vc_empty_space_inner\"><\/span><\/div><\/div><\/div><\/div><\/div><\/div>[\/vc_column_text][vc_raw_html css=&#8221;.vc_custom_1727185105186{background-color: #f9f9f9 !important;}&#8221;]JTNDZGl2JTIwY2xhc3MlM0QlMjJibG9vZGxpbmUlMjIlM0UlMjAlMEElMEElM0NkaXYlMjBjbGFzcyUzRCUyMmJsb29kbGluZS1pbm5lciUyMiUzRSUwQSUwOSUzQ2RpdiUyMGNsYXNzJTNEJTIyZmF0aGVyLXNpZGUlMjIlM0UlMjAlMEElMDklMDklM0NkaXYlMjBjbGFzcyUzRCUyMmZhdGhlci1zZWxmJTIyJTNFJTIwJTBBJTA5JTA5JTA5JTNDZGl2JTIwY2xhc3MlM0QlMjJmJTIyJTNFJTIwJTNDcCUzRSUzQ3N0cm9uZyUzRUYlQzMlQkNyc3RlbmJhbGwlM0MlMkZzdHJvbmclM0UlM0MlMkZwJTNFJTIwJTNDJTJGZGl2JTNFJTIwJTBBJTA5JTA5JTNDJTJGZGl2JTNFJTIwJTBBJTA5JTA5JTNDZGl2JTIwY2xhc3MlM0QlMjJmYXRoZXItZ3JhbmRwYXJlbnRzJTIyJTNFJTIwJTBBJTA5JTA5JTA5JTNDZGl2JTIwY2xhc3MlM0QlMjJmLWdmJTIyJTNFJTIwJTNDcCUzRUYlQzMlQkNyc3QlMjBIZWlucmljaCUzQyUyRnAlM0UlMjAlM0MlMkZkaXYlM0UlMjAlMEElMjAlMjAlMjAlMjAlMjAlMjAlMjAlMjAlMjAlMjAlMjAlMjAlMjAlMjAlMjAlMjAlMjAlMjAlMjAlMjAlMjAlMjAlMjAlMjAlM0NkaXYlMjBjbGFzcyUzRCUyMmYtZ20lMjIlM0UlMjAlM0NwJTNFTWFyYWRvbm5hJTNDJTJGcCUzRSUyMCUzQyUyRmRpdiUzRSUyMCUwOSUwOSUwOSUwQSUwOSUwOSUzQyUyRmRpdiUzRSUyMCUwQSUwOSUwOSUzQ2RpdiUyMGNsYXNzJTNEJTIyZmF0aGVyLWdyZWF0Z3JhbmRwYXJlbnRzJTIyJTNFJTIwJTBBJTA5JTA5JTA5JTNDZGl2JTIwY2xhc3MlM0QlMjJmLWdmLWdnZiUyMiUzRSUyMCUzQ3AlM0VGbG9yZXN0YW4lMjBJJTNDJTJGcCUzRSUyMCUzQyUyRmRpdiUzRSUyMCUwQSUwOSUwOSUwOSUzQ2RpdiUyMGNsYXNzJTNEJTIyZi1nZi1nZ20lMjIlM0UlMjAlM0NwJTNFRGF3aW5hJTNDJTJGcCUzRSUyMCUzQyUyRmRpdiUzRSUyMCUwQSUwOSUwOSUwOSUzQ2RpdiUyMGNsYXNzJTNEJTIyZi1nbS1nZ2YlMjIlM0UlMjAlM0NwJTNFRG9ubmVyaGFsbCUzQyUyRnAlM0UlMjAlM0MlMkZkaXYlM0UlMjAlMEElMDklMDklMDklM0NkaXYlMjBjbGFzcyUzRCUyMmYtZ20tZ2dtJTIyJTNFJTIwJTNDcCUzRU1hcmVsbGElM0MlMkZwJTNFJTIwJTNDJTJGZGl2JTNFJTIwJTBBJTA5JTA5JTNDJTJGZGl2JTNFJTIwJTBBJTA5JTNDJTJGZGl2JTNFJTIwJTBBJTA5JTNDZGl2JTIwY2xhc3MlM0QlMjJtb3RoZXItc2lkZSUyMiUzRSUyMCUwQSUwOSUwOSUzQ2RpdiUyMGNsYXNzJTNEJTIybW90aGVyLXNlbGYlMjIlM0UlMjAlMEElMDklMDklMDklM0NkaXYlMjBjbGFzcyUzRCUyMmYlMjIlM0UlMjAlM0NwJTNFUm95YWwlMjBSaWNhcmRhJTNDJTJGcCUzRSUyMCUzQyUyRmRpdiUzRSUyMCUwQSUwOSUwOSUzQyUyRmRpdiUzRSUyMCUwQSUwOSUwOSUzQ2RpdiUyMGNsYXNzJTNEJTIybW90aGVyLWdyYW5kcGFyZW50cyUyMiUzRSUyMCUwQSUwOSUwOSUwOSUzQ2RpdiUyMGNsYXNzJTNEJTIybS1nZiUyMiUzRSUyMCUzQ3AlM0UlM0NzdHJvbmclM0VSb3lhbCUyMEhpZ2huZXNzJTNDJTJGc3Ryb25nJTNFJTNDJTJGcCUzRSUyMCUzQyUyRmRpdiUzRSUyMCUwQSUwOSUwOSUwOSUzQ2RpdiUyMGNsYXNzJTNEJTIybS1nbSUyMiUzRSUyMCUzQ3AlM0VEZXNzb3VzJTIwTm9pciUzQyUyRnAlM0UlMjAlM0MlMkZkaXYlM0UlMjAlMEElMDklMDklM0MlMkZkaXYlM0UlMjAlMEElMDklMDklM0NkaXYlMjBjbGFzcyUzRCUyMm1vdGhlci1ncmVhdGdyYW5kcGFyZW50cyUyMiUzRSUyMCUwQSUwOSUwOSUwOSUzQ2RpdiUyMGNsYXNzJTNEJTIybS1nZi1nZ2YlMjIlM0UlMjAlM0NwJTNFUmVnYXp6b25pJTNDJTJGcCUzRSUyMCUzQyUyRmRpdiUzRSUyMCUwQSUwOSUwOSUwOSUzQ2RpdiUyMGNsYXNzJTNEJTIybS1nZi1nZ20lMjIlM0UlMjAlM0NwJTNFRG9yYWluJTIwRFYlM0MlMkZwJTNFJTIwJTNDJTJGZGl2JTNFJTIwJTBBJTA5JTA5JTA5JTNDZGl2JTIwY2xhc3MlM0QlMjJtLWdtLWdnZiUyMiUzRSUyMCUzQ3AlM0UlM0NzdHJvbmclM0VEb24lMjZuYnNwJTNCUHJpbWVybyUzQyUyRnN0cm9uZyUzRSUzQyUyRnAlM0UlMjAlM0MlMkZkaXYlM0UlMjAlMEElMDklMDklMDklM0NkaXYlMjBjbGFzcyUzRCUyMm0tZ20tZ2dtJTIyJTNFJTIwJTNDcCUzRUNhcmRpbmElM0MlMkZwJTNFJTIwJTNDJTJGZGl2JTNFJTIwJTBBJTA5JTA5JTNDJTJGZGl2JTNFJTIwJTBBJTA5JTNDJTJGZGl2JTNFJTIwJTBBJTNDJTJGZGl2JTNFJTBBJTNDJTJGZGl2JTNF[\/vc_raw_html][vc_empty_space height=&#8221;30px&#8221;][\/vc_column][\/vc_row][vc_row content_placement=&#8221;middle&#8221; css=&#8221;.vc_custom_1726209378955{margin-bottom: 50px !important;padding-top: 15px !important;padding-bottom: 5px !important;}&#8221;][vc_column css=&#8221;.vc_custom_1719305145658{margin-bottom: 12px !important;padding-bottom: 0px !important;}&#8221;][vc_column_text el_class=&#8221;text-70&#8243;]\n<h2 style=\"text-align: center;\">Young Mare Impresses with Collection<br \/>\nReadiness and Top Bloodlines<\/h2>\n<p style=\"text-align: center;\">A beautifully shaped mare who scores with her correct conformation paired with fine basic gaits. She has special merits in her topline and in the neck-shoulder area. Special attention should be placed on her unique willingness and aptitude to collect is already present at a young age.<\/p>\n[\/vc_column_text][\/vc_column][\/vc_row][vc_row content_placement=&#8221;middle&#8221; css=&#8221;.vc_custom_1719306035194{margin-bottom: 30px !important;padding-top: 15px !important;padding-bottom: 5px !important;background-color: #f9f9f9 !important;}&#8221;][vc_column width=&#8221;1\/2&#8243; css=&#8221;.vc_custom_1719306025160{margin-bottom: 10px !important;padding-bottom: 0px !important;}&#8221;][vc_video link=&#8221;https:\/\/youtu.be\/9Iju9-vjo98&#8243;][\/vc_column][vc_column width=&#8221;1\/2&#8243; css=&#8221;.vc_custom_1719306018895{margin-bottom: 20px !important;}&#8221;][vc_raw_html css=&#8221;.vc_custom_1726672051820{background-color: #f9f9f9 !important;}&#8221;]JTNDZGl2JTIwY2xhc3MlM0QlMjJkZXRhaWxzJTIyJTNFJTBBJTIwJTIwJTNDZGl2JTIwY2xhc3MlM0QlMjJkZXRhaWxzLXJvdyUyMiUzRSUwQSUyMCUyMCUyMCUzQ2RpdiUyMGNsYXNzJTNEJTIyZGV0YWlscy1sJTIyJTNFQm9ybiUzQyUyRmRpdiUzRSUwQSUyMCUyMCUyMCUzQ2RpdiUyMGNsYXNzJTNEJTIyZGV0YWlscy1yJTIyJTNFMDUlMkYyMDE3JTNDJTJGZGl2JTNFJTBBJTIwJTIwJTNDJTJGZGl2JTNFJTBBJTIwJTIwJTNDZGl2JTIwY2xhc3MlM0QlMjJkZXRhaWxzLXJvdyUyMiUzRSUwQSUyMCUyMCUyMCUzQ2RpdiUyMGNsYXNzJTNEJTIyZGV0YWlscy1sJTIyJTNFQ29sb3IlMjAlMkYlMjBTZXglM0MlMkZkaXYlM0UlMEElMjAlMjAlMjAlM0NkaXYlMjBjbGFzcyUzRCUyMmRldGFpbHMtciUyMiUzRUJyb3duJTIwJTJGJTIwTWFyZSUzQyUyRmRpdiUzRSUwQSUyMCUyMCUzQyUyRmRpdiUzRSUwQSUyMCUyMCUzQ2RpdiUyMGNsYXNzJTNEJTIyZGV0YWlscy1yb3clMjIlM0UlMEElMjAlMjAlMjAlM0NkaXYlMjBjbGFzcyUzRCUyMmRldGFpbHMtbCUyMiUzRVNpemUlM0MlMkZkaXYlM0UlMEElMjAlMjAlMjAlM0NkaXYlMjBjbGFzcyUzRCUyMmRldGFpbHMtciUyMiUzRVMlM0MlMkZkaXYlM0UlMEElMjAlMjAlM0MlMkZkaXYlM0UlMEElMjAlMjAlM0NkaXYlMjBjbGFzcyUzRCUyMmRldGFpbHMtcm93JTIyJTNFJTBBJTIwJTIwJTIwJTNDZGl2JTIwY2xhc3MlM0QlMjJkZXRhaWxzLWwtbGFzdCUyMiUzRUJyZWVkJTNDJTJGZGl2JTNFJTBBJTIwJTIwJTIwJTNDZGl2JTIwY2xhc3MlM0QlMjJkZXRhaWxzLXItbGFzdCUyMiUzRSUzQ2ltZyUyMHNyYyUzRCUyMmh0dHBzJTNBJTJGJTJGd3d3LmJzLXBmZXJkZXp1Y2h0LmNvbSUyRnJlbGF1bmNoLTIwMjQlMkZ3cC1jb250ZW50JTJGdXBsb2FkcyUyRjIwMjQlMkYwOSUyRk9sZGVuYnVyZ2VyX0JyYW5kemVpY2hlbi5wbmclMjIlM0UlM0MlMkZkaXYlM0UlMEElMjAlMjAlM0MlMkZkaXYlM0UlMEElM0MlMkZkaXYlM0U=[\/vc_raw_html][\/vc_column][\/vc_row][vc_row][vc_column width=&#8221;1\/3&#8243;][vc_single_image image=&#8221;2414&#8243; onclick=&#8221;link_image&#8221;][\/vc_column][vc_column width=&#8221;1\/3&#8243;][vc_single_image image=&#8221;2416&#8243; onclick=&#8221;link_image&#8221;][\/vc_column][vc_column width=&#8221;1\/3&#8243;][vc_single_image image=&#8221;2410&#8243; onclick=&#8221;link_image&#8221;][\/vc_column][\/vc_row][vc_row][vc_column][vc_column_text]\n<p style=\"text-align: center;\">In combination with active hindquarters, excellent rideability and natural conformation, she is an outstanding prospect for the future in breeding and sport.<\/p>\n<p style=\"text-align: center;\">The father, Fuerstenball, has risen to become a stamp stallion in a short time due to his hereditary power and has already produced numerous breeding and sport horses. He has over 90 licensed stallions and 80 S-successful offspring. These include 5 Bundeschampions and Olympic participants such as Heiline&#8217;s Danciera under Carina Cassoe and F\u00fcrst Sinclair, who placed at the World Para-Dressage Championships under Elke Philipp. F\u00fcrstenball was the 2008 Oldenburg Champion Stallion, the 2009 HLP winner with a dressage index of 154.98, and the 2010 Oldenburg Main Prize winner. n 2011, F\u00fcrstenball became Bundeschampion under Ines Westendarp and in 2012 he placed at the Dressage Horse World Championships for six-year-old horses. F\u00fcrstenball is now successful up to Prix St. Georges and in 2015 became number one in the FN breeding value evaluation.<\/p>\n<p style=\"text-align: center;\">The maternal father, Royal Highness, produced numerous champion foals, top auction horses, champion mares and licensed stallions such as Royal Classic I and II. He himself was highly successful at the Bundeschampionate and at the World Championships for Young Dressage Horses. Royal Highness also won his 30-day test in Schlieckau with an overall score of 8.25.<\/p>\n[\/vc_column_text][\/vc_column][\/vc_row][vc_row][vc_column][vc_column_text]<div class=\"templatera_shortcode\"><style type=\"text\/css\" data-type=\"vc_shortcodes-custom-css\">.vc_custom_1720183552431{padding-top: 20px !important;}.vc_custom_1720183671995{padding-top: 20px !important;}.vc_custom_1720183648798{padding-top: 20px !important;}.vc_custom_1720183639577{padding-top: 20px !important;}.vc_custom_1720168682555{margin-bottom: 0px !important;}<\/style><div class=\"vc_row wpb_row vc_row-fluid hidden-phone\"><div class=\"wpb_column vc_column_container vc_col-sm-3\"><div class=\"vc_column-inner\"><div class=\"wpb_wrapper\"><\/div><\/div><\/div><div class=\"wpb_column vc_column_container vc_col-sm-3\"><div class=\"vc_column-inner\"><div class=\"wpb_wrapper\"><div class=\"vc_custom_1720183552431 wpex-clr\"><div class=\"theme-button-wrap theme-button-block-wrap wpex-block wpex-clear wpex-clr\"><a href=\"https:\/\/www.bs-pferdezucht.com\/en\/horses-for-sale\/\" class=\"vcex-button theme-button small align-right block button-details\" style=\"background:#887751;color:#ffffff;font-weight:400;\" data-wpex-hover='{&quot;background&quot;:&quot;#a38e60&quot;,&quot;color&quot;:&quot;#ffffff&quot;}'><span class=\"theme-button-inner\"><span class=\"vcex-icon-wrap theme-button-icon-left\"><span class=\"ticon ticon-arrow-left\" aria-hidden=\"true\"><\/span><\/span>To overview<\/span><\/a><\/div><\/div> <\/div><\/div><\/div><div class=\"wpb_column vc_column_container vc_col-sm-3\"><div class=\"vc_column-inner\"><div class=\"wpb_wrapper\"><div class=\"vc_custom_1720183671995 wpex-clr\"><div class=\"theme-button-wrap theme-button-block-wrap wpex-block wpex-clear wpex-clr\"><a href=\"https:\/\/www.bs-pferdezucht.com\/en\/form-for-contact\/\" class=\"vcex-button theme-button small align-left block button-details wpex-lightbox\" style=\"background:#887751;color:#ffffff;font-weight:400;\" data-type=\"iframe\" data-width=\"800\" data-height=\"800\" data-wpex-hover='{&quot;background&quot;:&quot;#a38e60&quot;,&quot;color&quot;:&quot;#ffffff&quot;}'><span class=\"theme-button-inner\">Contact<span class=\"vcex-icon-wrap theme-button-icon-right\"><span class=\"ticon ticon-envelope-open-o\" aria-hidden=\"true\"><\/span><\/span><\/span><\/a><\/div><\/div> <\/div><\/div><\/div><div class=\"wpb_column vc_column_container vc_col-sm-3\"><div class=\"vc_column-inner\"><div class=\"wpb_wrapper\"><\/div><\/div><\/div><\/div><div class=\"vc_row wpb_row vc_row-fluid visible-phone\"><div class=\"wpb_column vc_column_container vc_col-sm-12\"><div class=\"vc_column-inner\"><div class=\"wpb_wrapper\"><div class=\"vc_custom_1720183648798 wpex-clr\"><div class=\"theme-button-wrap textcenter theme-button-block-wrap wpex-block wpex-clear wpex-clr\"><a href=\"https:\/\/www.bs-pferdezucht.com\/en\/form-for-contact\/\" class=\"vcex-button theme-button small align-center block wpex-lightbox\" style=\"background:#887751;color:#ffffff;font-weight:400;\" data-type=\"iframe\" data-width=\"800\" data-height=\"800\" data-wpex-hover='{&quot;background&quot;:&quot;#a38e60&quot;,&quot;color&quot;:&quot;#ffffff&quot;}'><span class=\"theme-button-inner\">Contact<span class=\"vcex-icon-wrap theme-button-icon-right\"><span class=\"ticon ticon-envelope-open-o\" aria-hidden=\"true\"><\/span><\/span><\/span><\/a><\/div><\/div> <div class=\"vc_custom_1720183639577 wpex-clr\"><div class=\"theme-button-wrap textcenter theme-button-block-wrap wpex-block wpex-clear wpex-clr\"><a href=\"https:\/\/www.bs-pferdezucht.com\/en\/horses-for-sale\/\" class=\"vcex-button theme-button small align-center block\" style=\"background:#887751;color:#ffffff;font-weight:400;\" data-wpex-hover='{&quot;background&quot;:&quot;#a38e60&quot;,&quot;color&quot;:&quot;#ffffff&quot;}'><span class=\"theme-button-inner\"><span class=\"vcex-icon-wrap theme-button-icon-left\"><span class=\"ticon ticon-arrow-left\" aria-hidden=\"true\"><\/span><\/span>To overview<\/span><\/a><\/div><\/div> <\/div><\/div><\/div><\/div><div class=\"vc_row wpb_row vc_row-fluid vc_row-o-content-middle vc_row-flex\"><div class=\"wpb_column vc_column_container vc_col-sm-12\"><div class=\"vc_column-inner vc_custom_1720168682555\"><div class=\"wpb_wrapper\"><\/div><\/div><\/div><\/div><\/div>[\/vc_column_text][\/vc_column][\/vc_row][vc_row][vc_column][vc_empty_space][\/vc_column][\/vc_row]\n","protected":false},"excerpt":{"rendered":"F\u00dcRST LADY Contact Contact F\u00fcrstenball F\u00fcrst Heinrich Maradonna Florestan I Dawina Donnerhall Marella Royal Ricarda Royal Highness Dessous Noir Regazzoni Dorain DV Don&nbsp;Primero Cardina Young Mare Impresses with Collection Readiness and Top Bloodlines A beautifully shaped mare who scores with her correct conformation paired with fine basic gaits. She has special merits in her topline&hellip;","protected":false},"author":1,"featured_media":0,"parent":241,"menu_order":0,"comment_status":"closed","ping_status":"closed","template":"","meta":{"footnotes":""},"class_list":["post-2402","page","type-page","status-publish","hentry","entry","no-media"],"yoast_head":"<!-- This site is optimized with the Yoast SEO plugin v23.6 - https:\/\/yoast.com\/wordpress\/plugins\/seo\/ -->\n<title>F\u00fcrst Lady - Zucht und Ausbildung von Turnierpferden | Bruns &amp; Stamp Pferdezucht GbR<\/title>\n<meta name=\"robots\" content=\"index, follow, max-snippet:-1, max-image-preview:large, max-video-preview:-1\" \/>\n<link rel=\"canonical\" href=\"https:\/\/www.bs-pferdezucht.com\/en\/our-horses\/fuerst-lady\/\" \/>\n<meta property=\"og:locale\" content=\"en_US\" \/>\n<meta property=\"og:type\" content=\"article\" \/>\n<meta property=\"og:title\" content=\"F\u00fcrst Lady - Zucht und Ausbildung von Turnierpferden | Bruns &amp; Stamp Pferdezucht GbR\" \/>\n<meta property=\"og:url\" content=\"https:\/\/www.bs-pferdezucht.com\/en\/our-horses\/fuerst-lady\/\" \/>\n<meta property=\"og:site_name\" content=\"Zucht und Ausbildung von Turnierpferden | Bruns &amp; Stamp Pferdezucht GbR\" \/>\n<meta property=\"article:modified_time\" content=\"2024-09-24T13:38:29+00:00\" \/>\n<meta name=\"twitter:card\" content=\"summary_large_image\" \/>\n<meta name=\"twitter:label1\" content=\"Est. reading time\" \/>\n\t<meta name=\"twitter:data1\" content=\"2 minutes\" \/>\n<script type=\"application\/ld+json\" class=\"yoast-schema-graph\">{\"@context\":\"https:\/\/schema.org\",\"@graph\":[{\"@type\":\"WebPage\",\"@id\":\"https:\/\/www.bs-pferdezucht.com\/en\/our-horses\/fuerst-lady\/\",\"url\":\"https:\/\/www.bs-pferdezucht.com\/en\/our-horses\/fuerst-lady\/\",\"name\":\"F\u00fcrst Lady - Zucht und Ausbildung von Turnierpferden | Bruns &amp; Stamp Pferdezucht GbR\",\"isPartOf\":{\"@id\":\"https:\/\/www.bs-pferdezucht.com\/#website\"},\"datePublished\":\"2024-06-20T12:58:26+00:00\",\"dateModified\":\"2024-09-24T13:38:29+00:00\",\"breadcrumb\":{\"@id\":\"https:\/\/www.bs-pferdezucht.com\/en\/our-horses\/fuerst-lady\/#breadcrumb\"},\"inLanguage\":\"en-US\",\"potentialAction\":[{\"@type\":\"ReadAction\",\"target\":[\"https:\/\/www.bs-pferdezucht.com\/en\/our-horses\/fuerst-lady\/\"]}]},{\"@type\":\"BreadcrumbList\",\"@id\":\"https:\/\/www.bs-pferdezucht.com\/en\/our-horses\/fuerst-lady\/#breadcrumb\",\"itemListElement\":[{\"@type\":\"ListItem\",\"position\":1,\"name\":\"Startseite\",\"item\":\"https:\/\/www.bs-pferdezucht.com\/en\/\"},{\"@type\":\"ListItem\",\"position\":2,\"name\":\"Dressage Collection\",\"item\":\"https:\/\/www.bs-pferdezucht.com\/en\/horses-for-sale\/\"},{\"@type\":\"ListItem\",\"position\":3,\"name\":\"F\u00fcrst Lady\"}]},{\"@type\":\"WebSite\",\"@id\":\"https:\/\/www.bs-pferdezucht.com\/#website\",\"url\":\"https:\/\/www.bs-pferdezucht.com\/\",\"name\":\"Zucht und Ausbildung von Turnierpferden | Bruns &amp; Stamp Pferdezucht GbR\",\"description\":\"\",\"publisher\":{\"@id\":\"https:\/\/www.bs-pferdezucht.com\/#organization\"},\"potentialAction\":[{\"@type\":\"SearchAction\",\"target\":{\"@type\":\"EntryPoint\",\"urlTemplate\":\"https:\/\/www.bs-pferdezucht.com\/?s={search_term_string}\"},\"query-input\":{\"@type\":\"PropertyValueSpecification\",\"valueRequired\":true,\"valueName\":\"search_term_string\"}}],\"inLanguage\":\"en-US\"},{\"@type\":\"Organization\",\"@id\":\"https:\/\/www.bs-pferdezucht.com\/#organization\",\"name\":\"Zucht und Ausbildung von Turnierpferden | Bruns &amp; Stamp Pferdezucht GbR\",\"url\":\"https:\/\/www.bs-pferdezucht.com\/\",\"logo\":{\"@type\":\"ImageObject\",\"inLanguage\":\"en-US\",\"@id\":\"https:\/\/www.bs-pferdezucht.com\/#\/schema\/logo\/image\/\",\"url\":\"https:\/\/www.bs-pferdezucht.com\/wp-content\/uploads\/2021\/02\/BS-LoRes.png\",\"contentUrl\":\"https:\/\/www.bs-pferdezucht.com\/wp-content\/uploads\/2021\/02\/BS-LoRes.png\",\"width\":142,\"height\":140,\"caption\":\"Zucht und Ausbildung von Turnierpferden | Bruns &amp; Stamp Pferdezucht GbR\"},\"image\":{\"@id\":\"https:\/\/www.bs-pferdezucht.com\/#\/schema\/logo\/image\/\"}}]}<\/script>\n<!-- \/ Yoast SEO plugin. -->","yoast_head_json":{"title":"F\u00fcrst Lady - Zucht und Ausbildung von Turnierpferden | Bruns &amp; Stamp Pferdezucht GbR","robots":{"index":"index","follow":"follow","max-snippet":"max-snippet:-1","max-image-preview":"max-image-preview:large","max-video-preview":"max-video-preview:-1"},"canonical":"https:\/\/www.bs-pferdezucht.com\/en\/our-horses\/fuerst-lady\/","og_locale":"en_US","og_type":"article","og_title":"F\u00fcrst Lady - Zucht und Ausbildung von Turnierpferden | Bruns &amp; Stamp Pferdezucht GbR","og_url":"https:\/\/www.bs-pferdezucht.com\/en\/our-horses\/fuerst-lady\/","og_site_name":"Zucht und Ausbildung von Turnierpferden | Bruns &amp; Stamp Pferdezucht GbR","article_modified_time":"2024-09-24T13:38:29+00:00","twitter_card":"summary_large_image","twitter_misc":{"Est. reading time":"2 minutes"},"schema":{"@context":"https:\/\/schema.org","@graph":[{"@type":"WebPage","@id":"https:\/\/www.bs-pferdezucht.com\/en\/our-horses\/fuerst-lady\/","url":"https:\/\/www.bs-pferdezucht.com\/en\/our-horses\/fuerst-lady\/","name":"F\u00fcrst Lady - Zucht und Ausbildung von Turnierpferden | Bruns &amp; Stamp Pferdezucht GbR","isPartOf":{"@id":"https:\/\/www.bs-pferdezucht.com\/#website"},"datePublished":"2024-06-20T12:58:26+00:00","dateModified":"2024-09-24T13:38:29+00:00","breadcrumb":{"@id":"https:\/\/www.bs-pferdezucht.com\/en\/our-horses\/fuerst-lady\/#breadcrumb"},"inLanguage":"en-US","potentialAction":[{"@type":"ReadAction","target":["https:\/\/www.bs-pferdezucht.com\/en\/our-horses\/fuerst-lady\/"]}]},{"@type":"BreadcrumbList","@id":"https:\/\/www.bs-pferdezucht.com\/en\/our-horses\/fuerst-lady\/#breadcrumb","itemListElement":[{"@type":"ListItem","position":1,"name":"Startseite","item":"https:\/\/www.bs-pferdezucht.com\/en\/"},{"@type":"ListItem","position":2,"name":"Dressage Collection","item":"https:\/\/www.bs-pferdezucht.com\/en\/horses-for-sale\/"},{"@type":"ListItem","position":3,"name":"F\u00fcrst Lady"}]},{"@type":"WebSite","@id":"https:\/\/www.bs-pferdezucht.com\/#website","url":"https:\/\/www.bs-pferdezucht.com\/","name":"Zucht und Ausbildung von Turnierpferden | Bruns &amp; Stamp Pferdezucht GbR","description":"","publisher":{"@id":"https:\/\/www.bs-pferdezucht.com\/#organization"},"potentialAction":[{"@type":"SearchAction","target":{"@type":"EntryPoint","urlTemplate":"https:\/\/www.bs-pferdezucht.com\/?s={search_term_string}"},"query-input":{"@type":"PropertyValueSpecification","valueRequired":true,"valueName":"search_term_string"}}],"inLanguage":"en-US"},{"@type":"Organization","@id":"https:\/\/www.bs-pferdezucht.com\/#organization","name":"Zucht und Ausbildung von Turnierpferden | Bruns &amp; Stamp Pferdezucht GbR","url":"https:\/\/www.bs-pferdezucht.com\/","logo":{"@type":"ImageObject","inLanguage":"en-US","@id":"https:\/\/www.bs-pferdezucht.com\/#\/schema\/logo\/image\/","url":"https:\/\/www.bs-pferdezucht.com\/wp-content\/uploads\/2021\/02\/BS-LoRes.png","contentUrl":"https:\/\/www.bs-pferdezucht.com\/wp-content\/uploads\/2021\/02\/BS-LoRes.png","width":142,"height":140,"caption":"Zucht und Ausbildung von Turnierpferden | Bruns &amp; Stamp Pferdezucht GbR"},"image":{"@id":"https:\/\/www.bs-pferdezucht.com\/#\/schema\/logo\/image\/"}}]}},"_links":{"self":[{"href":"https:\/\/www.bs-pferdezucht.com\/en\/wp-json\/wp\/v2\/pages\/2402"}],"collection":[{"href":"https:\/\/www.bs-pferdezucht.com\/en\/wp-json\/wp\/v2\/pages"}],"about":[{"href":"https:\/\/www.bs-pferdezucht.com\/en\/wp-json\/wp\/v2\/types\/page"}],"author":[{"embeddable":true,"href":"https:\/\/www.bs-pferdezucht.com\/en\/wp-json\/wp\/v2\/users\/1"}],"replies":[{"embeddable":true,"href":"https:\/\/www.bs-pferdezucht.com\/en\/wp-json\/wp\/v2\/comments?post=2402"}],"version-history":[{"count":12,"href":"https:\/\/www.bs-pferdezucht.com\/en\/wp-json\/wp\/v2\/pages\/2402\/revisions"}],"predecessor-version":[{"id":3682,"href":"https:\/\/www.bs-pferdezucht.com\/en\/wp-json\/wp\/v2\/pages\/2402\/revisions\/3682"}],"up":[{"embeddable":true,"href":"https:\/\/www.bs-pferdezucht.com\/en\/wp-json\/wp\/v2\/pages\/241"}],"wp:attachment":[{"href":"https:\/\/www.bs-pferdezucht.com\/en\/wp-json\/wp\/v2\/media?parent=2402"}],"curies":[{"name":"wp","href":"https:\/\/api.w.org\/{rel}","templated":true}]}}